{"id":4488,"date":"2021-05-24T12:11:41","date_gmt":"2021-05-24T12:11:41","guid":{"rendered":"https:\/\/pathsoft.kovalweb.com\/?page_id=3"},"modified":"2024-05-11T15:48:08","modified_gmt":"2024-05-11T15:48:08","slug":"privacy-policy-2","status":"publish","type":"page","link":"http:\/\/www.noktasis.com\/index.php\/privacy-policy-2\/","title":{"rendered":"Gizlilik Politikas\u0131"},"content":{"rendered":"\n<p>Bu Gizlilik Politikas\u0131,\u00a0<a href=\"https:\/\/noktasis.com\/\">https:\/\/noktasis.com<\/a>\u00a0internet sitesinde hangi verileri toplad\u0131\u011f\u0131m\u0131z\u0131, veri toplamam\u0131z\u0131n ama\u00e7lar\u0131n\u0131 ve verilerinize ili\u015fkin haklar\u0131n\u0131zla ilgili sizi bilgilendirmek i\u00e7in haz\u0131rlanm\u0131\u015ft\u0131r. Bu Gizlilik Politikas\u0131&#8217;n\u0131 kabul etmiyorsan\u0131z, internet sitemizi kullanmaya devam etmemelisiniz. \u0130nternet sitemizi kullanmaya devam etmeniz, Gizlilik Politikas\u0131&#8217;n\u0131 ve ilgili uygulamalar\u0131m\u0131z\u0131 kabul etti\u011finiz anlam\u0131na gelmektedir.<\/p>\n\n\n\n<h2 class=\"wp-block-heading\">1. Toplad\u0131\u011f\u0131m\u0131z Veriler<\/h2>\n\n\n\n<p>Sitemizi k\u00f6t\u00fc niyetli sald\u0131r\u0131lardan korumak ve istatistik amac\u0131yla sunucumuz taraf\u0131ndan otomatik olarak olu\u015fturulan g\u00fcnl\u00fck dosyalar\u0131n\u0131 kullan\u0131r\u0131z. Bu dosyalarda sitemizde hangi sayfalar\u0131 ziyaret etti\u011finiz, bu sayfalar\u0131 ne zaman, hangi i\u015fletim sistemi ve taray\u0131c\u0131 ile ziyaret etti\u011finizle ilgili bilgilerin yan\u0131nda, IP adresiniz yer al\u0131r.<\/p>\n\n\n\n<p>Gizlilik politikas\u0131 ve kullan\u0131m \u015fartlar\u0131 olu\u015fturdu\u011funuzda, sa\u011flam\u0131\u015f oldu\u011funuz internet sitesi veya uygulama ad\u0131n\u0131z, \u015firket ad\u0131n\u0131z, e-mail adresiniz, s\u00f6zle\u015fme ge\u00e7erlilik tarihi ve bulundu\u011funuz \u015fehrin de dahil oldu\u011fu veriler ile bu politikalar\u0131 ne zaman olu\u015fturdu\u011funuz kay\u0131t edilmektedir.<\/p>\n\n\n\n<h2 class=\"wp-block-heading\">2. Verilerin Saklanmas\u0131<\/h2>\n\n\n\n<p>Toplad\u0131\u011f\u0131m\u0131z verileri, ki\u015fisel verilerin i\u015flenme ama\u00e7lar\u0131 i\u00e7in gerekli olan s\u00fcre kadar saklamaktay\u0131z. G\u00fcnl\u00fck dosyalar\u0131, en fazla 1 y\u0131l boyunca sistemimizde tutulmakta olup, gizlilik politikas\u0131 olu\u015fturma a\u015famas\u0131nda bizimle do\u011frudan payla\u015ft\u0131\u011f\u0131n\u0131z veriler 3 y\u0131l boyunca sistemimizde tutulmaktad\u0131r.<\/p>\n\n\n\n<p>Verileriniz, T\u00fcrkiye&#8217;deki sunucularda saklanmakta olup, verilerinizin y\u00f6netimi T\u00fcrkiye&#8217;den sa\u011flanmaktad\u0131r.<\/p>\n\n\n\n<h2 class=\"wp-block-heading\">3. Verilerin Payla\u015f\u0131m\u0131<\/h2>\n\n\n\n<p>Yasal y\u00fck\u00fcml\u00fcl\u00fcklerimizi yerine getirmek ve mahkemelerden gelen ba\u011flay\u0131c\u0131 talepler do\u011frultusunda haklar\u0131m\u0131z\u0131 korumak amac\u0131 d\u0131\u015f\u0131nda verilerinizi \u00fc\u00e7\u00fcnc\u00fc ki\u015filerle payla\u015fm\u0131yoruz.<\/p>\n\n\n\n<p>Di\u011fer yandan, herhangi bir ki\u015fisel bilgiyi yay\u0131nlamadan, sitemizde ka\u00e7 tane gizlilik politikas\u0131 olu\u015fturuldu\u011fu, bu politikalar\u0131n saat ka\u00e7ta olu\u015fturuldu\u011fu gibi \u00e7e\u015fitli istatistikleri infografik gibi \u00e7e\u015fitli g\u00f6rselleri olu\u015fturmak i\u00e7in kullanabilir, bu g\u00f6rselleri sosyal medya ve ba\u015fka internet sitelerinde payla\u015fabiliriz.<\/p>\n\n\n\n<h2 class=\"wp-block-heading\">4. \u00c7erez Politikas\u0131<\/h2>\n\n\n\n<p>\u00c7erezler, tercihlerinizi ve hareketlerinizi tan\u0131mak i\u00e7in bir\u00e7ok internet sitesi taraf\u0131ndan taray\u0131c\u0131n\u0131za yerle\u015ftirilen basit metin dosyalar\u0131d\u0131r.<\/p>\n\n\n\n<p>G\u00fcvenlik ve analitik hizmetleri i\u00e7in sitemizde \u00e7erez kullanmaktay\u0131z. Ayr\u0131ca, reklam ortaklar\u0131 ve di\u011fer \u00fc\u00e7\u00fcnc\u00fc taraflar, sitemizde reklam yay\u0131nlamam\u0131z durumunda, sitemize gelen ziyaret\u00e7ileri izlemek i\u00e7in \u00e7erez kullanabilir.<\/p>\n\n\n\n<p>Bu t\u00fcr izlemeler, \u00fc\u00e7\u00fcnc\u00fc taraflar\u0131n sunucular\u0131 arac\u0131l\u0131\u011f\u0131yla yap\u0131lmakta olup, veri i\u015fleme politikalar\u0131 bu \u00fc\u00e7\u00fcnc\u00fc taraflar\u0131n gizlilik politikalar\u0131na tabidir.<\/p>\n\n\n\n<h3 class=\"wp-block-heading\">Google \u00c7erezleri<\/h3>\n\n\n\n<p>Ziyaret\u00e7ilerin sitemizi ne \u015fekilde kulland\u0131klar\u0131n\u0131 anlamak i\u00e7in sitemizde Google Analytics hizmetini kullanmaktay\u0131z. Google Analytics taraf\u0131ndan toplanan, kaydedilen veya analiz edilen kullan\u0131c\u0131lar hakk\u0131ndaki hi\u00e7bir veri, IP adresi gibi ki\u015fisel olarak tan\u0131mlay\u0131c\u0131 bir bilgi i\u00e7ermemekte olup, Google&#8217;\u0131n kendi gizlilik politikas\u0131na uygun olarak y\u00f6netilmektedir. Google Gizlilik Politikas\u0131 hakk\u0131nda bilgi almak i\u00e7in:&nbsp;<a href=\"https:\/\/www.google.com\/policies\/privacy\/partners\">https:\/\/www.google.com\/policies\/privacy\/partners<\/a><\/p>\n\n\n\n<h3 class=\"wp-block-heading\">Cloudflare \u00c7erezleri<\/h3>\n\n\n\n<p>K\u00f6t\u00fc niyetli istekleri engellemek ve DDOS sald\u0131r\u0131lar\u0131na kar\u015f\u0131 Cloudflare hizmetini kullanmaktay\u0131z. Cloudflare gizlilik uygulamalar\u0131 hakk\u0131nda daha fazla bilgi almak i\u00e7in:&nbsp;<a href=\"https:\/\/www.cloudflare.com\/privacypolicy\">https:\/\/www.cloudflare.com\/privacypolicy<\/a><\/p>\n\n\n\n<h2 class=\"wp-block-heading\">5. Di\u011fer Sitelere Ba\u011flant\u0131lar<\/h2>\n\n\n\n<p>Bu internet sitesinde, \u00fc\u00e7\u00fcnc\u00fc ki\u015filere ait internet sitelerine ba\u011flant\u0131lar (hyperlink) bulunabilir. Bu internet siteleri i\u00e7in Gizlilik Politika&#8217;m\u0131z ge\u00e7erli olmay\u0131p, bu internet siteleri ve i\u00e7eriklerine dair herhangi bir sorumluluk kabul etmemekteyiz. \u00dc\u00e7\u00fcnc\u00fc ki\u015filere ait internet siteleri ile verilerinizi payla\u015fmadan \u00f6nce, bu sitelerin gizlilik politikalar\u0131n\u0131 okumay\u0131 unutmay\u0131n.<\/p>\n\n\n\n<h2 class=\"wp-block-heading\">6. Haklar\u0131n\u0131z<\/h2>\n\n\n\n<p>KVKK&#8217;n\u0131n 11. maddesi gere\u011fi ki\u015fisel verilerinizle ilgili altta belirtilen haklara sahipsiniz. <a href=\"mailto:info@noktasis.com\">info@noktasis.com<\/a> adresine mail atarak, ki\u015fisel verilerinizle ilgili alttaki maddeler hakk\u0131nda bilgi alabilirsiniz:<\/p>\n\n\n\n<ul>\n<li>\u0130\u015flenip i\u015flenmedi\u011fini \u00f6\u011frenebilirsiniz<\/li>\n\n\n\n<li>\u0130\u015flenmi\u015fse buna ili\u015fkin bilgi talep edebilirsiniz<\/li>\n\n\n\n<li>\u0130\u015flenme amac\u0131n\u0131 ve amac\u0131na uygun kullan\u0131l\u0131p kullan\u0131lmad\u0131\u011f\u0131n\u0131 \u00f6\u011frenebilirsiniz<\/li>\n\n\n\n<li>Yurt i\u00e7inde veya yurt d\u0131\u015f\u0131nda aktar\u0131ld\u0131\u011f\u0131 \u00fc\u00e7\u00fcnc\u00fc ki\u015fileri \u00f6\u011frenebilirsiniz<\/li>\n\n\n\n<li>Eksik veya yanl\u0131\u015f i\u015flenmi\u015f olmas\u0131 halinde d\u00fczeltilmesini isteyebilirsiniz<\/li>\n\n\n\n<li>KVKK&#8217;n\u0131n 7. maddesinde \u00f6ng\u00f6r\u00fclen \u015fartlar \u00e7er\u00e7evesinde silinmesini veya yok edilmesini isteyebilirsiniz<\/li>\n\n\n\n<li>Aktar\u0131ld\u0131\u011f\u0131 \u00fc\u00e7\u00fcnc\u00fc ki\u015filere yukar\u0131da say\u0131lan 5. ve 6. maddeler uyar\u0131nca yap\u0131lan i\u015flemlerin bildirilmesini isteyebilirsiniz<\/li>\n\n\n\n<li>\u0130\u015flenen verilerin otomatik sistemler vas\u0131tas\u0131yla analiz edilmesi suretiyle aleyhinize bir sonucun ortaya \u00e7\u0131kmas\u0131na itiraz edebilirsiniz<\/li>\n\n\n\n<li>Kanuna ayk\u0131r\u0131 olarak i\u015flenmesi sebebiyle zarara u\u011framan\u0131z h\u00e2linde zarar\u0131n giderilmesini talep edebilirsiniz<\/li>\n<\/ul>\n\n\n\n<h2 class=\"wp-block-heading\">7. \u0130leti\u015fim<\/h2>\n\n\n\n<p>info@noktasis.com mail atarak bizimle ileti\u015fime ge\u00e7ebilirsiniz.<\/p>\n\n\n\n<h2 class=\"wp-block-heading\">8. Politika G\u00fcncellemeleri<\/h2>\n\n\n\n<p>Gizlilik Politika&#8217;s\u0131nda de\u011fi\u015fiklik yapma hakk\u0131m\u0131z sakl\u0131d\u0131r. Bu y\u00fczden, yap\u0131lan de\u011fi\u015fiklikleri g\u00f6rebilmek i\u00e7in Gizlilik Politika&#8217;s\u0131n\u0131 d\u00fczenli olarak kontrol edebilirsiniz. Gizlilik Politika&#8217;s\u0131n\u0131n ba\u015f\u0131nda yer alan g\u00fcncellenme tarihine bakarak, en son ne zaman de\u011fi\u015fiklik yap\u0131ld\u0131\u011f\u0131n\u0131 g\u00f6rebilirsiniz<\/p>\n","protected":false},"excerpt":{"rendered":"<p>Bu Gizlilik Politikas\u0131,\u00a0https:\/\/noktasis.com\u00a0internet sitesinde hangi verileri toplad\u0131\u011f\u0131m\u0131z\u0131, veri toplamam\u0131z\u0131n ama\u00e7lar\u0131n\u0131 ve verilerinize ili\u015fkin haklar\u0131n\u0131zla ilgili sizi bilgilendirmek i\u00e7in haz\u0131rlanm\u0131\u015ft\u0131r. Bu Gizlilik Politikas\u0131&#8217;n\u0131 kabul etmiyorsan\u0131z, internet sitemizi kullanmaya devam etmemelisiniz. \u0130nternet sitemizi kullanmaya devam etmeniz, Gizlilik Politikas\u0131&#8217;n\u0131 ve ilgili uygulamalar\u0131m\u0131z\u0131 kabul etti\u011finiz anlam\u0131na gelmektedir. 1. Toplad\u0131\u011f\u0131m\u0131z Veriler Sitemizi k\u00f6t\u00fc niyetli sald\u0131r\u0131lardan korumak ve istatistik amac\u0131yla sunucumuz<\/p>\n","protected":false},"author":1,"featured_media":0,"parent":0,"menu_order":0,"comment_status":"closed","ping_status":"open","template":"","meta":{"footnotes":""},"acf":[],"_links":{"self":[{"href":"http:\/\/www.noktasis.com\/index.php\/wp-json\/wp\/v2\/pages\/4488"}],"collection":[{"href":"http:\/\/www.noktasis.com\/index.php\/wp-json\/wp\/v2\/pages"}],"about":[{"href":"http:\/\/www.noktasis.com\/index.php\/wp-json\/wp\/v2\/types\/page"}],"author":[{"embeddable":true,"href":"http:\/\/www.noktasis.com\/index.php\/wp-json\/wp\/v2\/users\/1"}],"replies":[{"embeddable":true,"href":"http:\/\/www.noktasis.com\/index.php\/wp-json\/wp\/v2\/comments?post=4488"}],"version-history":[{"count":1,"href":"http:\/\/www.noktasis.com\/index.php\/wp-json\/wp\/v2\/pages\/4488\/revisions"}],"predecessor-version":[{"id":6197,"href":"http:\/\/www.noktasis.com\/index.php\/wp-json\/wp\/v2\/pages\/4488\/revisions\/6197"}],"wp:attachment":[{"href":"http:\/\/www.noktasis.com\/index.php\/wp-json\/wp\/v2\/media?parent=4488"}],"curies":[{"name":"wp","href":"https:\/\/api.w.org\/{rel}","templated":true}]}}